{"id":665,"date":"2019-01-13T21:25:39","date_gmt":"2019-01-13T19:25:39","guid":{"rendered":"http:\/\/www.aukunmaja.fi\/?page_id=665"},"modified":"2019-01-19T20:25:35","modified_gmt":"2019-01-19T18:25:35","slug":"mokki-kuvina","status":"publish","type":"page","link":"https:\/\/www.aukunmaja.fi\/?page_id=665","title":{"rendered":"M\u00f6kki kuvina"},"content":{"rendered":"\r\n<p><strong>Alakerta<\/strong> (voit vieritt\u00e4\u00e4 kuvia)<\/p>\r\n<div id=\"su_slider_69e20b943f679\" class=\"su-slider su-slider-centered su-slider-pages-yes su-slider-responsive-yes\" style=\"width:100%\" data-autoplay=\"3000\" data-speed=\"600\" data-mousewheel=\"true\"><div class=\"su-slider-slides\"><div class=\"su-slider-slide\"><a href=\"https:\/\/www.aukunmaja.fi\/wp-content\/uploads\/2019\/01\/takkahuone.jpg\"  target=\"_blank\" title=\"takkahuone\"><img src=\"https:\/\/www.aukunmaja.fi\/wp-content\/uploads\/2019\/01\/takkahuone-600x400.jpg\" alt=\"takkahuone\" \/><\/a><\/div><div class=\"su-slider-slide\"><a href=\"https:\/\/www.aukunmaja.fi\/wp-content\/uploads\/2019\/01\/0C4A1368.jpg\"  target=\"_blank\" title=\"0C4A1368\"><img src=\"https:\/\/www.aukunmaja.fi\/wp-content\/uploads\/2019\/01\/0C4A1368-600x400.jpg\" alt=\"0C4A1368\" \/><\/a><\/div><div class=\"su-slider-slide\"><a href=\"https:\/\/www.aukunmaja.fi\/wp-content\/uploads\/2019\/01\/takka.jpg\"  target=\"_blank\" title=\"takka\"><img src=\"https:\/\/www.aukunmaja.fi\/wp-content\/uploads\/2019\/01\/takka-600x400.jpg\" alt=\"takka\" \/><\/a><\/div><div class=\"su-slider-slide\"><a href=\"https:\/\/www.aukunmaja.fi\/wp-content\/uploads\/2019\/01\/suihku.jpg\"  target=\"_blank\" title=\"suihku\"><img src=\"https:\/\/www.aukunmaja.fi\/wp-content\/uploads\/2019\/01\/suihku-600x400.jpg\" alt=\"suihku\" \/><\/a><\/div><div class=\"su-slider-slide\"><a href=\"https:\/\/www.aukunmaja.fi\/wp-content\/uploads\/2019\/01\/kylpyhuone.jpg\"  target=\"_blank\" title=\"kylpyhuone\"><img src=\"https:\/\/www.aukunmaja.fi\/wp-content\/uploads\/2019\/01\/kylpyhuone-600x400.jpg\" alt=\"kylpyhuone\" \/><\/a><\/div><div class=\"su-slider-slide\"><a href=\"https:\/\/www.aukunmaja.fi\/wp-content\/uploads\/2019\/01\/0C4A1439.jpg\"  target=\"_blank\" title=\"0C4A1439\"><img src=\"https:\/\/www.aukunmaja.fi\/wp-content\/uploads\/2019\/01\/0C4A1439-600x400.jpg\" alt=\"0C4A1439\" \/><\/a><\/div><div class=\"su-slider-slide\"><a href=\"https:\/\/www.aukunmaja.fi\/wp-content\/uploads\/2019\/01\/makuuhuone3_2.jpg\"  target=\"_blank\" title=\"makuuhuone3_2\"><img src=\"https:\/\/www.aukunmaja.fi\/wp-content\/uploads\/2019\/01\/makuuhuone3_2-600x400.jpg\" alt=\"makuuhuone3_2\" \/><\/a><\/div><\/div><div class=\"su-slider-nav\"><div class=\"su-slider-direction\"><span class=\"su-slider-prev\"><\/span><span class=\"su-slider-next\"><\/span><\/div><div class=\"su-slider-pagination\"><\/div><\/div><\/div>\r\n\r\n\r\n\r\n\r\n\r\n<p><strong>Yl\u00e4kerta<\/strong>\u00a0(voit vieritt\u00e4\u00e4 kuvia)<\/p>\r\n<div id=\"su_slider_69e20b9440387\" class=\"su-slider su-slider-centered su-slider-pages-yes su-slider-responsive-yes\" style=\"width:100%\" data-autoplay=\"3000\" data-speed=\"600\" data-mousewheel=\"true\"><div class=\"su-slider-slides\"><div class=\"su-slider-slide\"><a href=\"https:\/\/www.aukunmaja.fi\/wp-content\/uploads\/2019\/01\/makuuhuone2_2.jpg\"  target=\"_blank\" title=\"makuuhuone2_2\"><img src=\"https:\/\/www.aukunmaja.fi\/wp-content\/uploads\/2019\/01\/makuuhuone2_2-600x400.jpg\" alt=\"makuuhuone2_2\" \/><\/a><\/div><div class=\"su-slider-slide\"><a href=\"https:\/\/www.aukunmaja.fi\/wp-content\/uploads\/2019\/01\/makuuhuone1.jpg\"  target=\"_blank\" title=\"makuuhuone1\"><img src=\"https:\/\/www.aukunmaja.fi\/wp-content\/uploads\/2019\/01\/makuuhuone1-600x400.jpg\" alt=\"makuuhuone1\" \/><\/a><\/div><div class=\"su-slider-slide\"><a href=\"https:\/\/www.aukunmaja.fi\/wp-content\/uploads\/2019\/01\/keitti\u00f6.jpg\"  target=\"_blank\" title=\"keitti\u00f6\"><img src=\"https:\/\/www.aukunmaja.fi\/wp-content\/uploads\/2019\/01\/keitti\u00f6.jpg\" alt=\"keitti\u00f6\" \/><\/a><\/div><div class=\"su-slider-slide\"><a href=\"https:\/\/www.aukunmaja.fi\/wp-content\/uploads\/2019\/01\/keitti\u00f63.jpg\"  target=\"_blank\" title=\"keitti\u00f63\"><img src=\"https:\/\/www.aukunmaja.fi\/wp-content\/uploads\/2019\/01\/keitti\u00f63.jpg\" alt=\"keitti\u00f63\" \/><\/a><\/div><div class=\"su-slider-slide\"><a href=\"https:\/\/www.aukunmaja.fi\/wp-content\/uploads\/2019\/01\/0C4A1487.jpg\"  target=\"_blank\" title=\"0C4A1487\"><img src=\"https:\/\/www.aukunmaja.fi\/wp-content\/uploads\/2019\/01\/0C4A1487-600x400.jpg\" alt=\"0C4A1487\" \/><\/a><\/div><div class=\"su-slider-slide\"><a href=\"https:\/\/www.aukunmaja.fi\/wp-content\/uploads\/2019\/01\/0C4A1486.jpg\"  target=\"_blank\" title=\"0C4A1486\"><img src=\"https:\/\/www.aukunmaja.fi\/wp-content\/uploads\/2019\/01\/0C4A1486-600x400.jpg\" alt=\"0C4A1486\" \/><\/a><\/div><div class=\"su-slider-slide\"><a href=\"https:\/\/www.aukunmaja.fi\/wp-content\/uploads\/2019\/01\/0C4A1495.jpg\"  target=\"_blank\" title=\"0C4A1495\"><img src=\"https:\/\/www.aukunmaja.fi\/wp-content\/uploads\/2019\/01\/0C4A1495-600x400.jpg\" alt=\"0C4A1495\" \/><\/a><\/div><div class=\"su-slider-slide\"><a href=\"https:\/\/www.aukunmaja.fi\/wp-content\/uploads\/2019\/01\/yl\u00e4wc.jpg\"  target=\"_blank\" title=\"yl\u00e4wc\"><img src=\"https:\/\/www.aukunmaja.fi\/wp-content\/uploads\/2019\/01\/yl\u00e4wc.jpg\" alt=\"yl\u00e4wc\" \/><\/a><\/div><\/div><div class=\"su-slider-nav\"><div class=\"su-slider-direction\"><span class=\"su-slider-prev\"><\/span><span class=\"su-slider-next\"><\/span><\/div><div class=\"su-slider-pagination\"><\/div><\/div><\/div>\r\n<p><strong>Ulkokuvia<\/strong>\u00a0(voit vieritt\u00e4\u00e4 kuvia)<\/p>\r\n<div id=\"su_slider_69e20b9442f83\" class=\"su-slider su-slider-centered su-slider-pages-yes su-slider-responsive-yes\" style=\"width:100%\" data-autoplay=\"3000\" data-speed=\"600\" data-mousewheel=\"true\"><div class=\"su-slider-slides\"><div class=\"su-slider-slide\"><a href=\"https:\/\/www.aukunmaja.fi\/wp-content\/uploads\/2019\/01\/m\u00f6kkiulkoa-1.jpg\"  target=\"_blank\" title=\"m\u00f6kkiulkoa\"><img src=\"https:\/\/www.aukunmaja.fi\/wp-content\/uploads\/2019\/01\/m\u00f6kkiulkoa-1.jpg\" alt=\"m\u00f6kkiulkoa\" \/><\/a><\/div><div class=\"su-slider-slide\"><a href=\"https:\/\/www.aukunmaja.fi\/wp-content\/uploads\/2019\/01\/kyltti.jpg\"  target=\"_blank\" title=\"kyltti\"><img src=\"https:\/\/www.aukunmaja.fi\/wp-content\/uploads\/2019\/01\/kyltti-600x400.jpg\" alt=\"kyltti\" \/><\/a><\/div><div class=\"su-slider-slide\"><a href=\"https:\/\/www.aukunmaja.fi\/wp-content\/uploads\/2019\/01\/liiteri.jpg\"  target=\"_blank\" title=\"liiteri\"><img src=\"https:\/\/www.aukunmaja.fi\/wp-content\/uploads\/2019\/01\/liiteri-600x400.jpg\" alt=\"liiteri\" \/><\/a><\/div><div class=\"su-slider-slide\"><a href=\"https:\/\/www.aukunmaja.fi\/wp-content\/uploads\/2019\/01\/ulko4.jpg\"  target=\"_blank\" title=\"ulko4\"><img src=\"https:\/\/www.aukunmaja.fi\/wp-content\/uploads\/2019\/01\/ulko4-600x400.jpg\" alt=\"ulko4\" \/><\/a><\/div><\/div><div class=\"su-slider-nav\"><div class=\"su-slider-direction\"><span class=\"su-slider-prev\"><\/span><span class=\"su-slider-next\"><\/span><\/div><div class=\"su-slider-pagination\"><\/div><\/div><\/div>\r\n\r\n\r\n","protected":false},"excerpt":{"rendered":"<p>Alakerta (voit vieritt\u00e4\u00e4 kuvia) Yl\u00e4kerta\u00a0(voit vieritt\u00e4\u00e4 kuvia) Ulkokuvia\u00a0(voit vieritt\u00e4\u00e4 kuvia)<\/p>\n","protected":false},"author":1,"featured_media":726,"parent":0,"menu_order":0,"comment_status":"closed","ping_status":"closed","template":"","meta":[],"_links":{"self":[{"href":"https:\/\/www.aukunmaja.fi\/index.php?rest_route=\/wp\/v2\/pages\/665"}],"collection":[{"href":"https:\/\/www.aukunmaja.fi\/index.php?rest_route=\/wp\/v2\/pages"}],"about":[{"href":"https:\/\/www.aukunmaja.fi\/index.php?rest_route=\/wp\/v2\/types\/page"}],"author":[{"embeddable":true,"href":"https:\/\/www.aukunmaja.fi\/index.php?rest_route=\/wp\/v2\/users\/1"}],"replies":[{"embeddable":true,"href":"https:\/\/www.aukunmaja.fi\/index.php?rest_route=%2Fwp%2Fv2%2Fcomments&post=665"}],"version-history":[{"count":11,"href":"https:\/\/www.aukunmaja.fi\/index.php?rest_route=\/wp\/v2\/pages\/665\/revisions"}],"predecessor-version":[{"id":826,"href":"https:\/\/www.aukunmaja.fi\/index.php?rest_route=\/wp\/v2\/pages\/665\/revisions\/826"}],"wp:featuredmedia":[{"embeddable":true,"href":"https:\/\/www.aukunmaja.fi\/index.php?rest_route=\/wp\/v2\/media\/726"}],"wp:attachment":[{"href":"https:\/\/www.aukunmaja.fi\/index.php?rest_route=%2Fwp%2Fv2%2Fmedia&parent=665"}],"curies":[{"name":"wp","href":"https:\/\/api.w.org\/{rel}","templated":true}]}}