{"id":621,"date":"2018-12-20T21:14:38","date_gmt":"2018-12-20T19:14:38","guid":{"rendered":"http:\/\/www.aukunmaja.fi\/?page_id=621"},"modified":"2020-09-29T14:20:15","modified_gmt":"2020-09-29T12:20:15","slug":"tietoa-mokista","status":"publish","type":"page","link":"https:\/\/www.aukunmaja.fi\/?page_id=621","title":{"rendered":"Tietoa m\u00f6kist\u00e4"},"content":{"rendered":"<div class=\"su-row\">\n<div class=\"su-column su-column-size-1-2\"><div class=\"su-column-inner su-u-clearfix su-u-trim\">\n<p><strong>TILAT (11 petipaikkaa)<\/strong><\/p>\n<p><strong>Yl\u00e4kerrassa<\/strong><\/p>\n<ul>\n<li><span style=\"font-size: 1rem;\">2 makuuhuonetta<\/span><\/li>\n<li>Oleskeluhuone<\/li>\n<li><span style=\"font-size: 1rem;\">Keitti\u00f6<\/span><\/li>\n<li><span style=\"font-size: 1rem;\">WC<\/span><\/li>\n<\/ul>\n<p><strong>Alakerrassa<\/strong><\/p>\n<ul>\n<li>1 <span style=\"font-size: 1rem;\">makuuhuone<\/span><\/li>\n<li>Oleskelutila, jossa levitett\u00e4v\u00e4 vuodesohva<\/li>\n<li>Sauna<\/li>\n<li>Suihku<\/li>\n<li>Takka<\/li>\n<li>WC<\/li>\n<\/ul>\n<\/div><\/div>\n<div class=\"su-column su-column-size-1-2\"><div class=\"su-column-inner su-u-clearfix su-u-trim\">\n<p><strong>VARUSTELU<\/strong><\/p>\n<ul>\n<li>Mikroaaltouuni<\/li>\n<li>Astianpesukone<\/li>\n<li>Pyykinpesukone<\/li>\n<li>Kuivauskaappi vaatteille<\/li>\n<li>Iso laajakuvatelevisio<\/li>\n<li>Karaokelaitteet<\/li>\n<li>Sy\u00f6tt\u00f6tuoli pienimmille vieraille<\/li>\n<li>Lasten turvaportti portaikon yl\u00e4p\u00e4\u00e4ss\u00e4<\/li>\n<\/ul>\n<p><strong>V\u00c4LIMATKAT KOHTEISIIN<\/strong><\/p>\n<ul>\n<li>Hotelli Yll\u00e4srinne n. 800 m<\/li>\n<li>Kylpyl\u00e4hotelli Yll\u00e4s Saaga n. 3 km<\/li>\n<li>Ravintola Otso n. 1.8 km<\/li>\n<li>Eelin Kauppa n. 2,2 km<\/li>\n<li>Kittil\u00e4n lentoasema n. 38 km<\/li>\n<li>Kolarin rautatieasema n. 36 km<\/li>\n<\/ul>\n<\/div><\/div>\n<\/div>\n<p><strong>SIJAINTI KARTALLA<\/strong><\/p>\n<p>Kissalankuja 3, 95980 Kolari<\/p>\n<div class=\"su-gmap su-responsive-media-yes\"><iframe loading=\"lazy\" src=\"\/\/maps.google.com\/maps?q=kissalankuja 3 95980 Kolari&amp;output=embed\" width=\"400\" height=\"400\" data-mce-fragment=\"1\"><\/iframe><\/div>\n","protected":false},"excerpt":{"rendered":"<p>SIJAINTI KARTALLA Kissalankuja 3, 95980 Kolari<\/p>\n","protected":false},"author":1,"featured_media":725,"parent":0,"menu_order":0,"comment_status":"closed","ping_status":"closed","template":"","meta":[],"_links":{"self":[{"href":"https:\/\/www.aukunmaja.fi\/index.php?rest_route=\/wp\/v2\/pages\/621"}],"collection":[{"href":"https:\/\/www.aukunmaja.fi\/index.php?rest_route=\/wp\/v2\/pages"}],"about":[{"href":"https:\/\/www.aukunmaja.fi\/index.php?rest_route=\/wp\/v2\/types\/page"}],"author":[{"embeddable":true,"href":"https:\/\/www.aukunmaja.fi\/index.php?rest_route=\/wp\/v2\/users\/1"}],"replies":[{"embeddable":true,"href":"https:\/\/www.aukunmaja.fi\/index.php?rest_route=%2Fwp%2Fv2%2Fcomments&post=621"}],"version-history":[{"count":42,"href":"https:\/\/www.aukunmaja.fi\/index.php?rest_route=\/wp\/v2\/pages\/621\/revisions"}],"predecessor-version":[{"id":1205,"href":"https:\/\/www.aukunmaja.fi\/index.php?rest_route=\/wp\/v2\/pages\/621\/revisions\/1205"}],"wp:featuredmedia":[{"embeddable":true,"href":"https:\/\/www.aukunmaja.fi\/index.php?rest_route=\/wp\/v2\/media\/725"}],"wp:attachment":[{"href":"https:\/\/www.aukunmaja.fi\/index.php?rest_route=%2Fwp%2Fv2%2Fmedia&parent=621"}],"curies":[{"name":"wp","href":"https:\/\/api.w.org\/{rel}","templated":true}]}}